{"id":2804,"date":"2021-10-19T11:43:37","date_gmt":"2021-10-19T09:43:37","guid":{"rendered":"https:\/\/vtecnics.com\/?page_id=2804"},"modified":"2021-10-19T13:27:36","modified_gmt":"2021-10-19T11:27:36","slug":"politica-de-cookies","status":"publish","type":"page","link":"https:\/\/vtecnics.com\/es\/politica-de-cookies\/","title":{"rendered":"Pol\u00edtica de cookies"},"content":{"rendered":"<p><div class=\"fusion-fullwidth fullwidth-box fusion-builder-row-1 nonhundred-percent-fullwidth non-hundred-percent-height-scrolling\" style=\"background-color: rgba(255,255,255,0);background-position: center center;background-repeat: no-repeat;padding-top:0px;padding-right:0px;padding-bottom:0px;padding-left:0px;margin-bottom: 0px;margin-top: 0px;border-width: 0px 0px 0px 0px;border-color:#eae9e9;border-style:solid;\" ><div class=\"fusion-builder-row fusion-row\"><div class=\"fusion-layout-column fusion_builder_column fusion-builder-column-0 fusion_builder_column_1_1 1_1 fusion-one-full fusion-column-first fusion-column-last\" style=\"margin-top:0px;margin-bottom:0px;\"><div class=\"fusion-column-wrapper fusion-flex-column-wrapper-legacy\" style=\"background-position:left top;background-repeat:no-repeat;-webkit-background-size:cover;-moz-background-size:cover;-o-background-size:cover;background-size:cover;padding: 0px 0px 0px 0px;\"><div class=\"fusion-sep-clear\"><\/div><div class=\"fusion-separator fusion-full-width-sep\" style=\"margin-left: auto;margin-right: auto;margin-top:10px;margin-bottom:10px;width:100%;\"><\/div><div class=\"fusion-sep-clear\"><\/div><div class=\"fusion-text fusion-text-1\"><p>Este sitio web utiliza cookies propias y de terceros para ofrecerle una mejor experiencia y servicio. Al navegar o utilizar nuestros servicios el usuario acepta el uso que hacemos de las cookies. Sin embargo, el usuario tiene la opci\u00f3n de impedir la generaci\u00f3n de cookies y la eliminaci\u00f3n de las mismas.<\/p>\n<p><strong> \u00a0<\/strong><\/p>\n<p><strong>\u00bfQU\u00c9 ES UNA COOKIE?<\/strong><\/p>\n<p>Una cookie es un peque\u00f1o fragmento de texto que los sitios Web env\u00edan al navegador y que se almacenan en el terminal del usuario, el cual puede ser un ordenador personal, un tel\u00e9fono m\u00f3vil, tablet, etc. Estos archivos permiten que el sitio Web recuerde informaci\u00f3n sobre su visita, como el idioma y las opciones preferidas, lo que puede facilitar su pr\u00f3xima visita y hacer que el sitio resulte m\u00e1s \u00fatil al personalizar su contenido. Las cookies desempe\u00f1an un papel muy importante, al mejorar la experiencia de uso de la Web.<\/p>\n<p><strong>\u00a0<\/strong><\/p>\n<p><strong>TIPOS DE COOKIES <\/strong><\/p>\n<p>Seg\u00fan la entidad que las gestione, las cookies pueden ser:<\/p>\n<ul>\n<li><strong>Cookies propias<\/strong>: Son aquellas que se env\u00edan al equipo terminal del interesado desde un equipo o dominio gestionado por el propio editor y desde el que se presta el servicio solicitado por el usuario.<\/li>\n<li><strong>Cookies de tercero<\/strong>: Son aquellas que se env\u00edan al equipo terminal del usuario desde un equipo o dominio que no es gestionado por el editor, sino por otra entidad que trata los datos obtenidos trav\u00e9s de las cookies.<\/li>\n<\/ul>\n<p>Seg\u00fan el plazo de tiempo que permanecen activadas:<\/p>\n<ul>\n<li><strong>Cookies de sesi\u00f3n<\/strong>: Son un tipo de cookies dise\u00f1adas para recabar y almacenar datos mientras el usuario accede a una p\u00e1gina web. Se suelen emplear para almacenar informaci\u00f3n que solo interesa conservar para la prestaci\u00f3n del servicio solicitado por el usuario en una sola ocasi\u00f3n.<\/li>\n<li><strong>Cookies persistentes<\/strong>: Son un tipo de cookies en el que los datos siguen almacenados en el terminal y pueden ser accedidos y tratados durante un periodo definido por el responsable de la cookie, y que puede ir de unos minutos a varios a\u00f1os.<\/li>\n<\/ul>\n<p>Seg\u00fan la finalidad para la que se traten los datos obtenidos a trav\u00e9s de las cookies, la web puede utilizar:<\/p>\n<p><strong><em>Cookies t\u00e9cnicas &#8211; <\/em><\/strong>Son aqu\u00e9llas que permiten al usuario la navegaci\u00f3n a trav\u00e9s de la p\u00e1gina web o aplicaci\u00f3n y la utilizaci\u00f3n de las diferentes opciones o servicios que en ella existen. Por ejemplo, controlar el tr\u00e1fico y la comunicaci\u00f3n de datos, identificar la sesi\u00f3n, acceder a las partes web de acceso restringido, recordar los elementos que integran un pedido, realizar la solicitud de inscripci\u00f3n o participaci\u00f3n en un evento, utilizar elementos de seguridad durante la navegaci\u00f3n y almacenar contenidos para la difusi\u00f3n de videos o sonido.<\/p>\n<p><strong><em>Cookies de personalizaci\u00f3n &#8211; <\/em><\/strong>Son aqu\u00e9llas que permiten al usuario acceder al servicio con algunas caracter\u00edsticas de car\u00e1cter general predefinidas en su terminal o que el propio usuario defina. Por ejemplo, el idioma, el tipo de navegador a trav\u00e9s del cual accede al servicio, el dise\u00f1o de contenidos seleccionado, geolocalizaci\u00f3n del terminal y la configuraci\u00f3n regional desde donde se accede al servicio.<\/p>\n<p><strong><em>Cookies publicitarias &#8211; <\/em><\/strong>Son aquellas que permiten la gesti\u00f3n eficaz de los espacios publicitarios que se han incluido en la p\u00e1gina web o aplicaci\u00f3n desde la que se presta el servicio. Permiten adecuar el contenido de la publicidad para que esta sea relevante para el usuario y para evitar mostrar anuncios que el usuario ya haya visto.<\/p>\n<p><strong><em>Cookies de an\u00e1lisis estad\u00edstico &#8211; <\/em><\/strong>Son aqu\u00e9llas que permiten realizar el seguimiento y an\u00e1lisis del comportamiento de los usuarios en los sitios web. La informaci\u00f3n recogida mediante este tipo de cookies se utiliza en la medici\u00f3n de la actividad de los sitios web, aplicaci\u00f3n o plataforma y para la elaboraci\u00f3n de perfiles de navegaci\u00f3n de los usuarios de dichos sitios, con el fin de introducir mejoras en el servicio en funci\u00f3n de los datos de uso que hacen los usuarios.<\/p>\n<p><strong>Las cookies utilizadas en este sitio web las puede ver en el <em><u>panel de configuraci\u00f3n<\/u> <\/em>y ajustar su configuraci\u00f3n en cualquier momento.<\/strong><\/p>\n<p><strong>La identificaci\u00f3n de qui\u00e9n utiliza las cookies, el tipo de cookies utilizadas y dem\u00e1s detalles<\/strong>, se indica a continuaci\u00f3n:<\/p>\n<table width=\"100%\">\n<tbody>\n<tr>\n<td width=\"123\">nombre<\/td>\n<td width=\"123\">Tipo (t\u00e9cnicas, personalizaci\u00f3n, an\u00e1lisis o publicitarias)<\/td>\n<td width=\"123\">Duraci\u00f3n<\/td>\n<td width=\"123\">Finalidad<\/td>\n<td width=\"123\">Propias\/Terceros *Identificaci\u00f3n del tercero (link a la Pol\u00edtica de Cookies del tercero)<\/td>\n<\/tr>\n<tr>\n<td width=\"123\"><strong>wordpress_<\/strong><\/td>\n<td width=\"123\">Recordatorio de Sesi\u00f3n<\/td>\n<td width=\"123\">Sesi\u00f3n<\/td>\n<td width=\"123\">Recordatorio de Sesi\u00f3n<\/td>\n<td width=\"123\"><\/td>\n<\/tr>\n<tr>\n<td width=\"123\"><strong>wordpress_logged_in_<\/strong><\/td>\n<td width=\"123\">Recordatorio de Sesi\u00f3n<\/td>\n<td width=\"123\">Sesi\u00f3n<\/td>\n<td width=\"123\">Recordatorio de Sesi\u00f3n<\/td>\n<td width=\"123\"><\/td>\n<\/tr>\n<tr>\n<td width=\"123\"><strong>wordpress_test_<\/strong><\/td>\n<td width=\"123\">Recordatorio de Sesi\u00f3n<\/td>\n<td width=\"123\">Sesi\u00f3n<\/td>\n<td width=\"123\">Recordatorio de Sesi\u00f3n<\/td>\n<td width=\"123\"><\/td>\n<\/tr>\n<tr>\n<td width=\"123\"><strong>wordpress_test_cookie<\/strong><\/td>\n<td width=\"123\">WordPress Test Cookies<\/td>\n<td width=\"123\">Sesi\u00f3n<\/td>\n<td width=\"123\">Recordatorio de Sesi\u00f3n<\/td>\n<td width=\"123\"><\/td>\n<\/tr>\n<tr>\n<td width=\"123\"><strong>wp-settings-[UID]<\/strong><\/td>\n<td width=\"123\">Se utiliza para personalizar la interfaz de usuario.<\/td>\n<td width=\"123\">1 a\u00f1o<\/td>\n<td width=\"123\">Se utiliza para personalizar la interfaz de usuario.<\/td>\n<td width=\"123\"><\/td>\n<\/tr>\n<tr>\n<td width=\"123\"><strong>wp-settings-time-[UID]<\/strong><\/td>\n<td width=\"123\">Almacena el aspecto de la interfaz de administraci\u00f3n y del sitio principal.<\/td>\n<td width=\"123\">1 a\u00f1o<\/td>\n<td width=\"123\">Almacena el aspecto de la interfaz de administraci\u00f3n y del sitio principal.<\/td>\n<td width=\"123\"><\/td>\n<\/tr>\n<\/tbody>\n<\/table>\n<p>Nota: Las cookies de tipo \u201cPropias\u201d son utilizadas s\u00f3lo por el propietario de esta web y las cookies \u201cDe terceros\u201d son utilizadas, tambi\u00e9n, por el prestador del servicio que est\u00e1 detallado la tabla anterior.<\/p>\n<p><strong>COOKIES DE TERCEROS<\/strong><\/p>\n<p>Google Analitycs. Las bibliotecas gtag.js, analytics.js y ga.js configuran las cookies siguientes:<\/p>\n<p>&nbsp;<\/p>\n<table width=\"100%\">\n<tbody>\n<tr>\n<td width=\"113\"><strong>Nombre<\/strong><\/td>\n<td width=\"132\"><strong>Duraci\u00f3n<\/strong><\/td>\n<td width=\"397\"><strong>Descripci\u00f3n<\/strong><\/td>\n<\/tr>\n<tr>\n<td width=\"113\">_ga<\/td>\n<td width=\"132\">2\u00a0a\u00f1os<\/td>\n<td width=\"397\">Se usa para distinguir a los usuarios.<\/td>\n<\/tr>\n<tr>\n<td width=\"113\">_gid<\/td>\n<td width=\"132\">24\u00a0horas<\/td>\n<td width=\"397\">Se usa para distinguir a los usuarios.<\/td>\n<\/tr>\n<tr>\n<td width=\"113\">_gat<\/td>\n<td width=\"132\">1\u00a0minuto<\/td>\n<td width=\"397\">Se usa para limitar el porcentaje de solicitudes. Si se ha implementado Google Analytics mediante Google Tag\u00a0Manager, esta cookie se llamar\u00e1\u00a0_dc_gtm_&lt;property-id&gt;.<\/td>\n<\/tr>\n<tr>\n<td width=\"113\">_gac_&lt;property-id&gt;<\/td>\n<td width=\"132\">90\u00a0d\u00edas<\/td>\n<td width=\"397\">Incluye informaci\u00f3n de la campa\u00f1a relativa al usuario. Si has vinculado tus cuentas de Google Analytics y Google\u00a0Ads, las etiquetas de conversi\u00f3n en sitio web de Google\u00a0Ads leer\u00e1n esta cookie, a menos que la inhabilites.<br \/>\n<a href=\"https:\/\/support.google.com\/google-ads\/answer\/7521212?hl=es\">M\u00e1s informaci\u00f3n<\/a><\/td>\n<\/tr>\n<tr>\n<td width=\"113\">__utma<\/td>\n<td width=\"132\">2\u00a0a\u00f1os a partir de la configuraci\u00f3n o actualizaci\u00f3n<\/td>\n<td width=\"397\">Se usa para distinguir usuarios y sesiones. La cookie se crea cuando se ejecuta la biblioteca de JavaScript y no hay ninguna cookie __utma. La cookie se actualiza cada vez que se env\u00edan datos a Google Analytics.<\/td>\n<\/tr>\n<tr>\n<td width=\"113\">__utmt<\/td>\n<td width=\"132\">10\u00a0minutos<\/td>\n<td width=\"397\">Se usa para limitar el porcentaje de solicitudes.<\/td>\n<\/tr>\n<tr>\n<td width=\"113\">__utmb<\/td>\n<td width=\"132\">30\u00a0minutos a partir de la configuraci\u00f3n o actualizaci\u00f3n<\/td>\n<td width=\"397\">Se usa para determinar nuevas sesiones o visitas. La cookie se crea cuando se ejecuta la biblioteca de JavaScript y no hay ninguna cookie __utmb. La cookie se actualiza cada vez que se env\u00edan datos a Google Analytics.<\/td>\n<\/tr>\n<tr>\n<td width=\"113\">__utmc<\/td>\n<td width=\"132\">Fin de la sesi\u00f3n del navegador<\/td>\n<td width=\"397\">No se usa en ga.js. Se configura para interactuar con urchin.js. Anteriormente, esta cookie actuaba junto con la cookie\u00a0__utmb\u00a0para determinar si el usuario estaba en una nueva sesi\u00f3n o visita.<\/td>\n<\/tr>\n<tr>\n<td width=\"113\">__utmz<\/td>\n<td width=\"132\">6\u00a0meses a partir de la configuraci\u00f3n o actualizaci\u00f3n<\/td>\n<td width=\"397\">Almacena la fuente de tr\u00e1fico o la campa\u00f1a que explica c\u00f3mo ha llegado el usuario al sitio web. La cookie se crea cuando se ejecuta la biblioteca de JavaScript y se actualiza cada vez que se env\u00edan datos a Google Analytics.<\/td>\n<\/tr>\n<tr>\n<td width=\"113\">__utmv<\/td>\n<td width=\"132\">2\u00a0a\u00f1os a partir de la configuraci\u00f3n o actualizaci\u00f3n<\/td>\n<td width=\"397\">Se usa para almacenar datos de variables personalizadas a nivel de visitante. Esta cookie se crea cuando un programador usa el m\u00e9todo\u00a0<a href=\"https:\/\/developers.google.com\/analytics\/devguides\/collection\/gajs\/methods\/gaJSApiBasicConfiguration?hl=es#_gat.GA_Tracker_._setCustomVar\">_setCustomVar<\/a>\u00a0con una variable personalizada a nivel de visitante. Tambi\u00e9n se usaba para el m\u00e9todo\u00a0_setVar, que ya no est\u00e1 disponible. La cookie se actualiza cada vez que se env\u00edan datos a Google Analytics.<\/td>\n<\/tr>\n<\/tbody>\n<\/table>\n<p>&nbsp;<\/p>\n<p>Pol\u00edtica de cookies de Google Analytics:<\/p>\n<p><a href=\"https:\/\/developers.google.com\/analytics\/devguides\/collection\/analyticsjs\/cookie-usage?hl=es\">https:\/\/developers.google.com\/analytics\/devguides\/collection\/analyticsjs\/cookie-usage?hl=es<\/a><\/p>\n<p>&nbsp;<\/p>\n<p>Esta tabla puede ser actualizada conforme a las cookies empleadas en cada momento. Te aconsejamos que consulte nuestra Pol\u00edtica de Cookies de forma regular.<\/p>\n<h2><\/h2>\n<p><strong>Puede informarse de las transferencias a terceros pa\u00edses que, en su caso, realizan los terceros identificados en esta pol\u00edtica de cookies en sus correspondientes pol\u00edticas (ver los enlaces facilitados en el apartado \u201cM\u00e1s informaci\u00f3n\u201d de la tabla anterior).\u00a0 \u00a0<\/strong><\/p>\n<p><strong> \u00a0<\/strong><\/p>\n<p><strong>\u00bfC\u00d3MO ADMINISTRAR COOKIES EN EL NAVEGADOR?<\/strong><\/p>\n<p>El usuario tiene la opci\u00f3n de permitir, bloquear o eliminar las cookies instaladas en su equipo mediante la configuraci\u00f3n de las opciones del navegador instalado en su terminal:<\/p>\n<ul>\n<li><strong>Firefox<\/strong>:<\/li>\n<\/ul>\n<p><a href=\"http:\/\/support.mozilla.org\/es\/kb\/habilitar-y-deshabilitar-cookies-que-los-sitios-we\">http:\/\/support.mozilla.org\/es\/kb\/habilitar-y-deshabilitar-cookies-que-los-sitios-we<\/a><\/p>\n<ul>\n<li><strong>Chrome<\/strong>:<\/li>\n<\/ul>\n<p><a href=\"http:\/\/support.google.com\/chrome\/bin\/answer.py?hl=es&amp;answer=95647\">http:\/\/support.google.com\/chrome\/bin\/answer.py?hl=es&amp;answer=95647<\/a><\/p>\n<ul>\n<li><strong>Internet Explorer<\/strong>:<\/li>\n<\/ul>\n<p><a href=\"https:\/\/support.microsoft.com\/es-es\/help\/278835\/how-to-delete-cookie-files-in-internet-explorer\">https:\/\/support.microsoft.com\/es-es\/help\/278835\/how-to-delete-cookie-files-in-internet-explorer<\/a><\/p>\n<ul>\n<li><strong>Microsoft Edge:<\/strong><\/li>\n<\/ul>\n<p><a href=\"https:\/\/support.microsoft.com\/es-es\/help\/4468242\/microsoft-edge-browsing-data-and-privacy-microsoft-privacy\">https:\/\/support.microsoft.com\/es-es\/help\/4468242\/microsoft-edge-browsing-data-and-privacy-microsoft-privacy<\/a><\/p>\n<ul>\n<li><strong>Safari<\/strong>:<\/li>\n<\/ul>\n<p><a href=\"http:\/\/support.apple.com\/kb\/ph5042\">http:\/\/support.apple.com\/kb\/ph5042<\/a><\/p>\n<ul>\n<li><strong>Opera<\/strong>:<\/li>\n<\/ul>\n<p><a href=\"http:\/\/help.opera.com\/Windows\/11.50\/es-ES\/cookies.html\">http:\/\/help.opera.com\/Windows\/11.50\/es-ES\/cookies.html<\/a><\/p>\n<p>En caso de bloquear el uso de cookies en su navegador es posible que algunos servicios o funcionalidades de la p\u00e1gina web no est\u00e9n disponibles.<\/p>\n<p>En algunos navegadores se pueden configurar reglas espec\u00edficas para administrar cookies por sitio web, lo que ofrece un control m\u00e1s preciso sobre la privacidad. Esto significa que se puede inhabilitar cookies de todos los sitios salvo de aquellos en los que se conf\u00ede.<\/p>\n<p><strong>\u00a0<\/strong><\/p>\n<\/div><div class=\"fusion-clearfix\"><\/div><\/div><\/div><\/div><\/div><div class=\"fusion-fullwidth fullwidth-box fusion-builder-row-2 fusion-parallax-fixed nonhundred-percent-fullwidth non-hundred-percent-height-scrolling\" style=\"background-color: rgba(255,255,255,0);background-image: url(&quot;https:\/\/vtecnics.com\/wp-content\/uploads\/2018\/01\/VTECNICSquisom_lines_rtl.png&quot;);background-position: center center;background-repeat: no-repeat;padding-top:20px;padding-right:0px;padding-bottom:0px;padding-left:0px;margin-bottom: 0px;margin-top: 0px;border-width: 0px 0px 0px 0px;border-color:#eae9e9;border-style:solid;-webkit-background-size:cover;-moz-background-size:cover;-o-background-size:cover;background-size:cover;background-attachment:fixed;\" ><div class=\"fusion-builder-row fusion-row\"><div class=\"fusion-layout-column fusion_builder_column fusion-builder-column-1 fusion_builder_column_2_5 2_5 fusion-two-fifth fusion-column-first\" style=\"width:40%;width:calc(40% - ( ( 4% + 4% ) * 0.4 ) );margin-right: 4%;margin-top:0px;margin-bottom:20px;\"><div class=\"fusion-column-wrapper fusion-flex-column-wrapper-legacy\" style=\"background-position:left top;background-repeat:no-repeat;-webkit-background-size:cover;-moz-background-size:cover;-o-background-size:cover;background-size:cover;padding: 0px 0px 0px 0px;\"><div class=\"fusion-column-content-centered\"><div class=\"fusion-column-content\"><span class=\" fusion-imageframe imageframe-none imageframe-1 hover-type-none\"><img decoding=\"async\" width=\"1024\" height=\"304\" title=\"voice-acoustic-logo-2020-white\" src=\"https:\/\/vtecnics.com\/wp-content\/uploads\/2022\/03\/voice-acoustic-logo-2020-white-1024x304.png\" class=\"img-responsive wp-image-2859\" srcset=\"https:\/\/vtecnics.com\/wp-content\/uploads\/2022\/03\/voice-acoustic-logo-2020-white-200x59.png 200w, https:\/\/vtecnics.com\/wp-content\/uploads\/2022\/03\/voice-acoustic-logo-2020-white-400x119.png 400w, https:\/\/vtecnics.com\/wp-content\/uploads\/2022\/03\/voice-acoustic-logo-2020-white-600x178.png 600w, https:\/\/vtecnics.com\/wp-content\/uploads\/2022\/03\/voice-acoustic-logo-2020-white-800x238.png 800w, https:\/\/vtecnics.com\/wp-content\/uploads\/2022\/03\/voice-acoustic-logo-2020-white-1200x357.png 1200w\" sizes=\"(max-width: 800px) 100vw, 600px\" \/><\/span><div class=\"fusion-text fusion-text-2\"><p style=\"text-align: center;\"><img decoding=\"async\" class=\"alignnone wp-image-1408 \" src=\"https:\/\/vtecnics.com\/wp-content\/uploads\/2014\/12\/ClairBrothersLogo2-e1520366560957.png\" alt=\"\" width=\"338\" height=\"119\" srcset=\"https:\/\/vtecnics.com\/wp-content\/uploads\/2014\/12\/ClairBrothersLogo2-e1520366560957-200x71.png 200w, https:\/\/vtecnics.com\/wp-content\/uploads\/2014\/12\/ClairBrothersLogo2-e1520366560957-300x106.png 300w, https:\/\/vtecnics.com\/wp-content\/uploads\/2014\/12\/ClairBrothersLogo2-e1520366560957.png 363w\" sizes=\"(max-width: 338px) 100vw, 338px\" \/><div class=\"fusion-sep-clear\"><\/div><div class=\"fusion-separator fusion-full-width-sep\" style=\"margin-left: auto;margin-right: auto;margin-top:10px;margin-bottom:10px;width:100%;\"><\/div><div class=\"fusion-sep-clear\"><\/div><\/p>\n<p style=\"text-align: center;\">Somos especialistas en eventos \u00fanicos y exclusivos. Estamos orgullosos de ofrecer un servicio y calidad excepcionales para clientes excepcionales.<\/p>\n<p><div class=\"fusion-sep-clear\"><\/div><div class=\"fusion-separator fusion-full-width-sep fusion-clearfix\" style=\"float:right;margin-top:20px;margin-bottom:20px;width:100%;\"><\/div><div class=\"fusion-sep-clear\"><\/div>\n<div class=\"fusion-aligncenter\"><style type=\"text\/css\">.fusion-button.button-1 {border-radius:0px;}<\/style><a class=\"fusion-button button-flat fusion-button-default-size button-default button-1 fusion-button-default-span fusion-button-default-type\" target=\"_self\" href=\"https:\/\/vtecnics.com\/es\/clair-brothers\/line-arrays\/\"><span class=\"fusion-button-text\">PRODUCTOS CLAIR BROTHERS<\/span><\/a><\/div><\/p>\n<\/div><div class=\"fusion-sep-clear\"><\/div><div class=\"fusion-separator fusion-full-width-sep\" style=\"margin-left: auto;margin-right: auto;width:100%;\"><div class=\"fusion-separator-border sep-double\" style=\"border-color:rgba(255,255,255,.2);border-top-width:1px;border-bottom-width:1px;\"><\/div><\/div><div class=\"fusion-sep-clear\"><\/div><\/div><\/div><div class=\"fusion-clearfix\"><\/div><\/div><\/div><div class=\"fusion-layout-column fusion_builder_column fusion-builder-column-2 fusion_builder_column_1_5 1_5 fusion-one-fifth\" style=\"width:20%;width:calc(20% - ( ( 4% + 4% ) * 0.2 ) );margin-right: 4%;margin-top:0px;margin-bottom:20px;\"><div class=\"fusion-column-wrapper fusion-flex-column-wrapper-legacy\" style=\"background-position:left top;background-repeat:no-repeat;-webkit-background-size:cover;-moz-background-size:cover;-o-background-size:cover;background-size:cover;padding: 0px 0px 0px 0px;\"><div class=\"fusion-column-content-centered\"><div class=\"fusion-column-content\"><div class=\"fusion-text fusion-text-3\"><h3 style=\"text-align: center;\"><\/h3>\n<p><span style=\"color: #000000;\"><a style=\"color: #000000;\" href=\"http:\/\/wa.me\/34636230970\"><img decoding=\"async\" class=\"aligncenter wp-image-3010\" src=\"https:\/\/vtecnics.com\/wp-content\/uploads\/2022\/04\/WhatsApp-VT-150x150.png\" alt=\"\" width=\"70\" height=\"70\" srcset=\"https:\/\/vtecnics.com\/wp-content\/uploads\/2022\/04\/WhatsApp-VT-66x66.png 66w, https:\/\/vtecnics.com\/wp-content\/uploads\/2022\/04\/WhatsApp-VT-150x150.png 150w, https:\/\/vtecnics.com\/wp-content\/uploads\/2022\/04\/WhatsApp-VT-200x200.png 200w, https:\/\/vtecnics.com\/wp-content\/uploads\/2022\/04\/WhatsApp-VT-300x300.png 300w, https:\/\/vtecnics.com\/wp-content\/uploads\/2022\/04\/WhatsApp-VT-400x400.png 400w, https:\/\/vtecnics.com\/wp-content\/uploads\/2022\/04\/WhatsApp-VT-600x600.png 600w, https:\/\/vtecnics.com\/wp-content\/uploads\/2022\/04\/WhatsApp-VT.png 768w\" sizes=\"(max-width: 70px) 100vw, 70px\" \/><\/a><\/span><\/p>\n<p style=\"text-align: center;\"><span style=\"color: #ffffff;\"><strong>WhatsApp:<\/strong> <a style=\"color: #ffffff;\" href=\"http:\/\/wa.me\/34636230970\">636230970<\/a><\/span><\/p>\n<p style=\"text-align: center;\"><a href=\"tel:+34973292934\"><img decoding=\"async\" class=\"aligncenter wp-image-3001\" src=\"https:\/\/vtecnics.com\/wp-content\/uploads\/2022\/04\/LOGO-tf-copy-1-150x150.jpg\" alt=\"\" width=\"74\" height=\"74\" srcset=\"https:\/\/vtecnics.com\/wp-content\/uploads\/2022\/04\/LOGO-tf-copy-1-66x66.jpg 66w, https:\/\/vtecnics.com\/wp-content\/uploads\/2022\/04\/LOGO-tf-copy-1-150x150.jpg 150w, https:\/\/vtecnics.com\/wp-content\/uploads\/2022\/04\/LOGO-tf-copy-1-200x200.jpg 200w, https:\/\/vtecnics.com\/wp-content\/uploads\/2022\/04\/LOGO-tf-copy-1-300x300.jpg 300w, https:\/\/vtecnics.com\/wp-content\/uploads\/2022\/04\/LOGO-tf-copy-1-400x400.jpg 400w, https:\/\/vtecnics.com\/wp-content\/uploads\/2022\/04\/LOGO-tf-copy-1-600x600.jpg 600w, https:\/\/vtecnics.com\/wp-content\/uploads\/2022\/04\/LOGO-tf-copy-1-768x768.jpg 768w, https:\/\/vtecnics.com\/wp-content\/uploads\/2022\/04\/LOGO-tf-copy-1-800x800.jpg 800w, https:\/\/vtecnics.com\/wp-content\/uploads\/2022\/04\/LOGO-tf-copy-1-1024x1024.jpg 1024w, https:\/\/vtecnics.com\/wp-content\/uploads\/2022\/04\/LOGO-tf-copy-1-1200x1200.jpg 1200w, https:\/\/vtecnics.com\/wp-content\/uploads\/2022\/04\/LOGO-tf-copy-1-1536x1536.jpg 1536w\" sizes=\"(max-width: 74px) 100vw, 74px\" \/><\/a><\/p>\n<p style=\"text-align: center;\"><span style=\"color: #ffffff;\"><strong>TEL\u00c9FONO:<\/strong> <a style=\"color: #ffffff;\" href=\"tel:+34973292934\">973 29 29 34<\/a><\/span><\/p>\n<p style=\"text-align: center;\"><a href=\"mailto:vtecnics@vtecnics.com\"><img decoding=\"async\" class=\"aligncenter wp-image-3014\" src=\"https:\/\/vtecnics.com\/wp-content\/uploads\/2022\/04\/Correo-VT-150x150.png\" alt=\"\" width=\"75\" height=\"75\" srcset=\"https:\/\/vtecnics.com\/wp-content\/uploads\/2022\/04\/Correo-VT-66x66.png 66w, https:\/\/vtecnics.com\/wp-content\/uploads\/2022\/04\/Correo-VT-150x150.png 150w, https:\/\/vtecnics.com\/wp-content\/uploads\/2022\/04\/Correo-VT-200x200.png 200w, https:\/\/vtecnics.com\/wp-content\/uploads\/2022\/04\/Correo-VT-300x300.png 300w, https:\/\/vtecnics.com\/wp-content\/uploads\/2022\/04\/Correo-VT-400x400.png 400w, https:\/\/vtecnics.com\/wp-content\/uploads\/2022\/04\/Correo-VT-600x600.png 600w, https:\/\/vtecnics.com\/wp-content\/uploads\/2022\/04\/Correo-VT.png 768w\" sizes=\"(max-width: 75px) 100vw, 75px\" \/><\/a><span style=\"color: #ffffff;\"><strong>Email:<\/strong>\u00a0<a style=\"color: #ffffff;\" href=\"mailto:vtecnics@vtecnics.com\">vtecnics@vtecnics.com<\/a><\/span><\/p>\n<p style=\"text-align: center;\"><span style=\"color: #ffffff;\">Partida Plana Gensana, 35<\/span><\/p>\n<p style=\"text-align: center;\"><span style=\"color: #ffffff;\">25194 \u2013 Lleida<\/span><\/p>\n<p><a href=\"https:\/\/goo.gl\/maps\/rgwg5CX2wVhW51By9\"><img decoding=\"async\" class=\"alignnone wp-image-2984 aligncenter\" src=\"https:\/\/vtecnics.com\/wp-content\/uploads\/2022\/04\/maps.png\" alt=\"\" width=\"94\" height=\"94\" srcset=\"https:\/\/vtecnics.com\/wp-content\/uploads\/2022\/04\/maps-66x66.png 66w, https:\/\/vtecnics.com\/wp-content\/uploads\/2022\/04\/maps-150x150.png 150w, https:\/\/vtecnics.com\/wp-content\/uploads\/2022\/04\/maps-200x200.png 200w, https:\/\/vtecnics.com\/wp-content\/uploads\/2022\/04\/maps-300x300.png 300w, https:\/\/vtecnics.com\/wp-content\/uploads\/2022\/04\/maps-400x400.png 400w, https:\/\/vtecnics.com\/wp-content\/uploads\/2022\/04\/maps.png 500w\" sizes=\"(max-width: 94px) 100vw, 94px\" \/><\/a><\/p>\n<\/div><\/div><\/div><div class=\"fusion-clearfix\"><\/div><\/div><\/div><div class=\"fusion-layout-column fusion_builder_column fusion-builder-column-3 fusion_builder_column_2_5 2_5 fusion-two-fifth fusion-column-last\" style=\"width:40%;width:calc(40% - ( ( 4% + 4% ) * 0.4 ) );margin-top:0px;margin-bottom:20px;\"><div class=\"fusion-column-wrapper fusion-flex-column-wrapper-legacy\" style=\"background-position:left top;background-repeat:no-repeat;-webkit-background-size:cover;-moz-background-size:cover;-o-background-size:cover;background-size:cover;padding: 0px 0px 0px 0px;\"><div class=\"fusion-column-content-centered\"><div class=\"fusion-column-content\"><div class=\"fusion-text fusion-text-4\"><h3 style=\"text-align: center;\">Vis\u00edtanos<\/h3>\n<p style=\"text-align: center;\"><iframe style=\"border: 0;\" src=\"https:\/\/www.google.com\/maps\/embed?pb=!1m18!1m12!1m3!1d47740.15070077658!2d0.5897836000000084!3d41.5960871!2m3!1f0!2f0!3f0!3m2!1i1024!2i768!4f13.1!3m3!1m2!1s0x12a6e01229497247%3A0x8f86cfa9d31e3be7!2sVtecnics+en+Ruta+S.L.!5e0!3m2!1ses!2ses!4v1522861420411\" width=\"100%\" height=\"340\" frameborder=\"0\" allowfullscreen=\"allowfullscreen\"><\/iframe><\/p>\n<\/div><\/div><\/div><div class=\"fusion-clearfix\"><\/div><\/div><\/div><\/div><\/div>\n<\/p>\n","protected":false},"excerpt":{"rendered":"","protected":false},"author":4,"featured_media":0,"parent":0,"menu_order":0,"comment_status":"closed","ping_status":"closed","template":"","meta":{"footnotes":""},"class_list":["post-2804","page","type-page","status-publish","hentry"],"_links":{"self":[{"href":"https:\/\/vtecnics.com\/es\/wp-json\/wp\/v2\/pages\/2804","targetHints":{"allow":["GET"]}}],"collection":[{"href":"https:\/\/vtecnics.com\/es\/wp-json\/wp\/v2\/pages"}],"about":[{"href":"https:\/\/vtecnics.com\/es\/wp-json\/wp\/v2\/types\/page"}],"author":[{"embeddable":true,"href":"https:\/\/vtecnics.com\/es\/wp-json\/wp\/v2\/users\/4"}],"replies":[{"embeddable":true,"href":"https:\/\/vtecnics.com\/es\/wp-json\/wp\/v2\/comments?post=2804"}],"version-history":[{"count":7,"href":"https:\/\/vtecnics.com\/es\/wp-json\/wp\/v2\/pages\/2804\/revisions"}],"predecessor-version":[{"id":2810,"href":"https:\/\/vtecnics.com\/es\/wp-json\/wp\/v2\/pages\/2804\/revisions\/2810"}],"wp:attachment":[{"href":"https:\/\/vtecnics.com\/es\/wp-json\/wp\/v2\/media?parent=2804"}],"curies":[{"name":"wp","href":"https:\/\/api.w.org\/{rel}","templated":true}]}}