{"id":2039,"date":"2014-12-21T08:26:19","date_gmt":"2014-12-21T08:26:19","guid":{"rendered":"http:\/\/vtecnics.com\/contacte\/"},"modified":"2022-05-25T19:56:32","modified_gmt":"2022-05-25T17:56:32","slug":"contacto","status":"publish","type":"page","link":"https:\/\/vtecnics.com\/es\/contacto\/","title":{"rendered":"CONTACTO"},"content":{"rendered":"<p><div class=\"fusion-fullwidth fullwidth-box fusion-builder-row-1 hundred-percent-fullwidth non-hundred-percent-height-scrolling fusion-equal-height-columns\" style=\"background-color: rgba(255,255,255,0);background-position: left top;background-repeat: no-repeat;padding-top:0px;padding-right:0px;padding-bottom:0px;padding-left:0px;margin-bottom: 0px;margin-top: 0px;border-width: 0px 0px 0px 0px;border-color:#eae9e9;border-style:solid;\" ><div class=\"fusion-builder-row fusion-row\"><div class=\"fusion-layout-column fusion_builder_column fusion-builder-column-0 fusion_builder_column_1_2 1_2 fusion-one-half fusion-column-first\" style=\"margin-top:0px;margin-bottom:0px;\"><div class=\"fusion-column-wrapper fusion-flex-column-wrapper-legacy\" style=\"background-position:left top;background-repeat:no-repeat;-webkit-background-size:cover;-moz-background-size:cover;-o-background-size:cover;background-size:cover;background-color:#0c0c0d;padding: 9% 9% 9% 9%;\"><div class=\"fusion-column-content-centered\"><div class=\"fusion-column-content\"><div class=\"fusion-text fusion-text-1\"><h3 style=\"text-align: center;\"><strong>CONTACTA<\/strong><\/h3>\n<p style=\"text-align: center; letter-spacing: 4px;\">como tu prefieras<\/p>\n<\/div><div class=\"fusion-text fusion-text-2\"><p><a href=\"http:\/\/wa.me\/34636230970\"><img decoding=\"async\" class=\"aligncenter wp-image-3010\" src=\"https:\/\/vtecnics.com\/wp-content\/uploads\/2022\/04\/WhatsApp-VT-150x150.png\" alt=\"\" width=\"70\" height=\"70\" srcset=\"https:\/\/vtecnics.com\/wp-content\/uploads\/2022\/04\/WhatsApp-VT-66x66.png 66w, https:\/\/vtecnics.com\/wp-content\/uploads\/2022\/04\/WhatsApp-VT-150x150.png 150w, https:\/\/vtecnics.com\/wp-content\/uploads\/2022\/04\/WhatsApp-VT-200x200.png 200w, https:\/\/vtecnics.com\/wp-content\/uploads\/2022\/04\/WhatsApp-VT-300x300.png 300w, https:\/\/vtecnics.com\/wp-content\/uploads\/2022\/04\/WhatsApp-VT-400x400.png 400w, https:\/\/vtecnics.com\/wp-content\/uploads\/2022\/04\/WhatsApp-VT-600x600.png 600w, https:\/\/vtecnics.com\/wp-content\/uploads\/2022\/04\/WhatsApp-VT.png 768w\" sizes=\"(max-width: 70px) 100vw, 70px\" \/><\/a><\/p>\n<p style=\"text-align: center;\"><strong>WhatsApp:<\/strong> <a href=\"http:\/\/wa.me\/34636230970\">636230970<\/a><\/p>\n<p style=\"text-align: center;\"><a href=\"tel:+34973292934\"><img decoding=\"async\" class=\"aligncenter wp-image-3001\" src=\"https:\/\/vtecnics.com\/wp-content\/uploads\/2022\/04\/LOGO-tf-copy-1-150x150.jpg\" alt=\"\" width=\"74\" height=\"74\" srcset=\"https:\/\/vtecnics.com\/wp-content\/uploads\/2022\/04\/LOGO-tf-copy-1-66x66.jpg 66w, https:\/\/vtecnics.com\/wp-content\/uploads\/2022\/04\/LOGO-tf-copy-1-150x150.jpg 150w, https:\/\/vtecnics.com\/wp-content\/uploads\/2022\/04\/LOGO-tf-copy-1-200x200.jpg 200w, https:\/\/vtecnics.com\/wp-content\/uploads\/2022\/04\/LOGO-tf-copy-1-300x300.jpg 300w, https:\/\/vtecnics.com\/wp-content\/uploads\/2022\/04\/LOGO-tf-copy-1-400x400.jpg 400w, https:\/\/vtecnics.com\/wp-content\/uploads\/2022\/04\/LOGO-tf-copy-1-600x600.jpg 600w, https:\/\/vtecnics.com\/wp-content\/uploads\/2022\/04\/LOGO-tf-copy-1-768x768.jpg 768w, https:\/\/vtecnics.com\/wp-content\/uploads\/2022\/04\/LOGO-tf-copy-1-800x800.jpg 800w, https:\/\/vtecnics.com\/wp-content\/uploads\/2022\/04\/LOGO-tf-copy-1-1024x1024.jpg 1024w, https:\/\/vtecnics.com\/wp-content\/uploads\/2022\/04\/LOGO-tf-copy-1-1200x1200.jpg 1200w, https:\/\/vtecnics.com\/wp-content\/uploads\/2022\/04\/LOGO-tf-copy-1-1536x1536.jpg 1536w\" sizes=\"(max-width: 74px) 100vw, 74px\" \/><\/a><strong>Tel\u00e9fono:<\/strong> <a href=\"tel:+34973292934\">973 29 29 34<\/a><\/p>\n<p style=\"text-align: center;\"><a href=\"mailto:vtecnics@vtecnics.com\"><img decoding=\"async\" class=\"aligncenter wp-image-3014\" src=\"https:\/\/vtecnics.com\/wp-content\/uploads\/2022\/04\/Correo-VT-150x150.png\" alt=\"\" width=\"75\" height=\"75\" srcset=\"https:\/\/vtecnics.com\/wp-content\/uploads\/2022\/04\/Correo-VT-66x66.png 66w, https:\/\/vtecnics.com\/wp-content\/uploads\/2022\/04\/Correo-VT-150x150.png 150w, https:\/\/vtecnics.com\/wp-content\/uploads\/2022\/04\/Correo-VT-200x200.png 200w, https:\/\/vtecnics.com\/wp-content\/uploads\/2022\/04\/Correo-VT-300x300.png 300w, https:\/\/vtecnics.com\/wp-content\/uploads\/2022\/04\/Correo-VT-400x400.png 400w, https:\/\/vtecnics.com\/wp-content\/uploads\/2022\/04\/Correo-VT-600x600.png 600w, https:\/\/vtecnics.com\/wp-content\/uploads\/2022\/04\/Correo-VT.png 768w\" sizes=\"(max-width: 75px) 100vw, 75px\" \/><\/a><strong>Email:<\/strong>\u00a0<a href=\"mailto:vtecnics@vtecnics.com\">vtecnics@vtecnics.com<\/a><\/p>\n<\/div><\/div><\/div><div class=\"fusion-clearfix\"><\/div><\/div><\/div><div class=\"fusion-layout-column fusion_builder_column fusion-builder-column-1 fusion_builder_column_1_2 1_2 fusion-one-half fusion-column-last\" style=\"margin-top:0px;margin-bottom:0px;\"><div class=\"fusion-column-wrapper fusion-flex-column-wrapper-legacy\" style=\"background-position:left top;background-repeat:no-repeat;-webkit-background-size:cover;-moz-background-size:cover;-o-background-size:cover;background-size:cover;padding: 9% 9% 9% 9%;\"><div class=\"fusion-column-content-centered\"><div class=\"fusion-column-content\"><div class=\"fusion-text fusion-text-3\"><div role=\"form\" class=\"wpcf7\" id=\"wpcf7-f2043-o1\" lang=\"en-US\" dir=\"ltr\">\n<div class=\"screen-reader-response\"><p role=\"status\" aria-live=\"polite\" aria-atomic=\"true\"><\/p> <ul><\/ul><\/div>\n<form action=\"\/es\/wp-json\/wp\/v2\/pages\/2039#wpcf7-f2043-o1\" method=\"post\" class=\"wpcf7-form init\" novalidate=\"novalidate\" data-status=\"init\">\n<div style=\"display: none;\">\n<input type=\"hidden\" name=\"_wpcf7\" value=\"2043\" \/>\n<input type=\"hidden\" name=\"_wpcf7_version\" value=\"5.4.2\" \/>\n<input type=\"hidden\" name=\"_wpcf7_locale\" value=\"en_US\" \/>\n<input type=\"hidden\" name=\"_wpcf7_unit_tag\" value=\"wpcf7-f2043-o1\" \/>\n<input type=\"hidden\" name=\"_wpcf7_container_post\" value=\"0\" \/>\n<input type=\"hidden\" name=\"_wpcf7_posted_data_hash\" value=\"\" \/>\n<input type=\"hidden\" name=\"_wpcf7_recaptcha_response\" value=\"\" \/>\n<\/div>\n<p><label>Nombre (obligatorio)<br \/>\n    <span class=\"wpcf7-form-control-wrap your-name\"><input type=\"text\" name=\"your-name\" value=\"\" size=\"40\" class=\"wpcf7-form-control wpcf7-text wpcf7-validates-as-required\" aria-required=\"true\" aria-invalid=\"false\" \/><\/span> <\/label><\/p>\n<p><label>Email (obligatorio)<br \/>\n    <span class=\"wpcf7-form-control-wrap your-email\"><input type=\"email\" name=\"your-email\" value=\"\" size=\"40\" class=\"wpcf7-form-control wpcf7-text wpcf7-email wpcf7-validates-as-required wpcf7-validates-as-email\" aria-required=\"true\" aria-invalid=\"false\" \/><\/span> <\/label><\/p>\n<p><label>Sujeto<br \/>\n    <span class=\"wpcf7-form-control-wrap your-subject\"><input type=\"text\" name=\"your-subject\" value=\"\" size=\"40\" class=\"wpcf7-form-control wpcf7-text\" aria-invalid=\"false\" \/><\/span> <\/label><\/p>\n<p><label>Mensaje<br \/>\n    <span class=\"wpcf7-form-control-wrap your-message\"><textarea name=\"your-message\" cols=\"40\" rows=\"10\" class=\"wpcf7-form-control wpcf7-textarea\" aria-invalid=\"false\"><\/textarea><\/span> <\/label><\/p>\n\n<p><\/p>\n<p><span class=\"wpcf7-form-control-wrap acceptance-351\"><span class=\"wpcf7-form-control wpcf7-acceptance optional\"><span class=\"wpcf7-list-item\"><label><input type=\"checkbox\" name=\"acceptance-351\" value=\"1\" aria-invalid=\"false\" \/><span class=\"wpcf7-list-item-label\">He le\u00eddo y acepto la <a href=\"\/politica-de-privacidad\">pol\u00edtica de privacidad.<\/a><\/span><\/label><\/span><\/span><\/span><\/p>\n<p style=\"font-size:13px;\">INFORMACI\u00d3N B\u00c1SICA DE PROTECCI\u00d3N DE DATOS:<br \/>\nResponsable del tratamiento: VT\u00c8CNICS EN RUTA, S.L.<br \/>\nFinalidad del tratamiento: Gestionar las consultas planteadas y el env\u00edo de newsletters, comunicaciones comerciales y promociones.<br \/>\nLegitimaci\u00f3n del tratamiento: Inter\u00e9s leg\u00edtimo y consentimiento del interesado\/a.<br \/>\nConservaci\u00f3n de los datos: Se conservar\u00e1n mientras exista un inter\u00e9s mutuo o durante el tiempo necesario para el cumplimiento de las obligaciones legales.<br \/>\nDestinatarios: Prestadores de servicio o colaboradores.<br \/>\nDerechos: Derecho a retirar el consentimiento en cualquier momento. Derecho de acceso, rectificaci\u00f3n, portabilidad y supresi\u00f3n de sus datos y a la limitaci\u00f3n u oposici\u00f3n al su tratamiento. Datos de contacto para ejercer sus derechos: vtecnics@vtecnics.com<br \/>\nInformaci\u00f3n adicional: Puede consultar la informaci\u00f3n adicional en nuestra Pol\u00edtica de Privacidad.\n<\/p>\n<p><input type=\"submit\" value=\"Enviar\" class=\"wpcf7-form-control wpcf7-submit\" \/> <\/p>\n<p style=\"display: none !important;\" class=\"akismet-fields-container\" data-prefix=\"_wpcf7_ak_\"><label>&#916;<textarea name=\"_wpcf7_ak_hp_textarea\" cols=\"45\" rows=\"8\" maxlength=\"100\"><\/textarea><\/label><input type=\"hidden\" id=\"ak_js_1\" name=\"_wpcf7_ak_js\" value=\"150\"\/><script>document.getElementById( \"ak_js_1\" ).setAttribute( \"value\", ( new Date() ).getTime() );<\/script><\/p><div class=\"fusion-alert alert custom alert-custom fusion-alert-center wpcf7-response-output fusion-alert-capitalize alert-dismissable\" style=\"border-width:1px;\"><button type=\"button\" class=\"close toggle-alert\" data-dismiss=\"alert\" aria-label=\"Close\">&times;<\/button><div class=\"fusion-alert-content-wrapper\"><span class=\"fusion-alert-content\"><\/span><\/div><\/div><\/form><\/div>\n<\/div><\/div><\/div><div class=\"fusion-clearfix\"><\/div><\/div><\/div><\/div><\/div><div class=\"fusion-fullwidth fullwidth-box fusion-builder-row-2 hundred-percent-fullwidth non-hundred-percent-height-scrolling\" style=\"background-color: rgba(255,255,255,0);background-position: left top;background-repeat: no-repeat;padding-top:0px;padding-right:0px;padding-bottom:0px;padding-left:0px;margin-bottom: 0px;margin-top: 0px;border-width: 0px 0px 0px 0px;border-color:#eae9e9;border-style:solid;\" ><div class=\"fusion-builder-row fusion-row\"><div class=\"fusion-layout-column fusion_builder_column fusion-builder-column-2 fusion_builder_column_1_1 1_1 fusion-one-full fusion-column-first fusion-column-last fusion-column-no-min-height\" style=\"margin-top:0px;margin-bottom:0px;\"><div class=\"fusion-column-wrapper fusion-flex-column-wrapper-legacy\" style=\"background-position:left top;background-repeat:no-repeat;-webkit-background-size:cover;-moz-background-size:cover;-o-background-size:cover;background-size:cover;padding: 0px 0px 0px 0px;\"><iframe style=\"border: 0;\" src=\"https:\/\/www.google.com\/maps\/embed?pb=!1m18!1m12!1m3!1d2983.8671037186627!2d0.5864919158416233!3d41.59375767924576!2m3!1f0!2f0!3f0!3m2!1i1024!2i768!4f13.1!3m3!1m2!1s0x12a6e01229497247%3A0x8f86cfa9d31e3be7!2sVtecnics+en+Ruta+S.L.!5e0!3m2!1sca!2ses!4v1522915821238\" width=\"100%\" height=\"500\" frameborder=\"0\" allowfullscreen=\"allowfullscreen\"><\/iframe><div class=\"fusion-clearfix\"><\/div><\/div><\/div><\/div><\/div><div class=\"fusion-fullwidth fullwidth-box fusion-builder-row-3 fusion-flex-container nonhundred-percent-fullwidth non-hundred-percent-height-scrolling\" style=\"background-color: rgba(255,255,255,0);background-position: center center;background-repeat: no-repeat;border-width: 0px 0px 0px 0px;border-color:#eae9e9;border-style:solid;\" ><div class=\"fusion-builder-row fusion-row fusion-flex-align-items-flex-start\" style=\"max-width:1216.8px;margin-left: calc(-4% \/ 2 );margin-right: calc(-4% \/ 2 );\"><div class=\"fusion-layout-column fusion_builder_column fusion-builder-column-3 fusion_builder_column_1_2 1_2 fusion-flex-column\"><div class=\"fusion-column-wrapper fusion-flex-justify-content-flex-start fusion-content-layout-column\" style=\"background-position:left top;background-repeat:no-repeat;-webkit-background-size:cover;-moz-background-size:cover;-o-background-size:cover;background-size:cover;padding: 0px 0px 0px 0px;\"><div class=\"fusion-text fusion-text-4\"><p style=\"text-align: center;\"><img decoding=\"async\" class=\"alignnone wp-image-1408 \" src=\"https:\/\/vtecnics.com\/wp-content\/uploads\/2014\/12\/ClairBrothersLogo2-e1520366560957.png\" alt=\"\" width=\"449\" height=\"158\" srcset=\"https:\/\/vtecnics.com\/wp-content\/uploads\/2014\/12\/ClairBrothersLogo2-e1520366560957-200x71.png 200w, https:\/\/vtecnics.com\/wp-content\/uploads\/2014\/12\/ClairBrothersLogo2-e1520366560957-300x106.png 300w, https:\/\/vtecnics.com\/wp-content\/uploads\/2014\/12\/ClairBrothersLogo2-e1520366560957.png 363w\" sizes=\"(max-width: 449px) 100vw, 449px\" \/><div class=\"fusion-separator fusion-full-width-sep\" style=\"align-self: center;margin-left: auto;margin-right: auto;margin-top:10px;margin-bottom:10px;width:100%;\"><\/div><\/p>\n<p style=\"text-align: center;\">Somos especialistas en la construcci\u00f3n de productos \u00fanicos y exclusivos. Estamos orgullosos de ofrecer una calidad y dise\u00f1o excepcionales para clientes excepcionales.<\/p>\n<p><div class=\"fusion-separator fusion-full-width-sep\" style=\"align-self: flex-end;margin-left:auto;margin-top:20px;margin-bottom:20px;width:100%;\"><\/div>\n<div class=\"fusion-aligncenter\"><style type=\"text\/css\">.fusion-button.button-1 {border-radius:0px;}<\/style><a class=\"fusion-button button-flat fusion-button-default-size button-default button-1 fusion-button-default-span fusion-button-default-type\" target=\"_self\" href=\"https:\/\/vtecnics.com\/es\/clair-brothers\/line-arrays\/\"><span class=\"fusion-button-text\">PRODUCTOS CLAIR BROTHERS<\/span><\/a><\/div><\/p>\n<\/div><\/div><style type=\"text\/css\">.fusion-body .fusion-builder-column-3{width:50% !important;margin-top : 0px;margin-bottom : 20px;}.fusion-builder-column-3 > .fusion-column-wrapper {padding-top : 0px !important;padding-right : 0px !important;margin-right : 3.84%;padding-bottom : 0px !important;padding-left : 0px !important;margin-left : 3.84%;}@media only screen and (max-width:1024px) {.fusion-body .fusion-builder-column-3{width:100% !important;order : 0;}.fusion-builder-column-3 > .fusion-column-wrapper {margin-right : 1.92%;margin-left : 1.92%;}}@media only screen and (max-width:640px) {.fusion-body .fusion-builder-column-3{width:100% !important;order : 0;}.fusion-builder-column-3 > .fusion-column-wrapper {margin-right : 1.92%;margin-left : 1.92%;}}<\/style><\/div><div class=\"fusion-layout-column fusion_builder_column fusion-builder-column-4 fusion_builder_column_1_2 1_2 fusion-flex-column\"><div class=\"fusion-column-wrapper fusion-flex-justify-content-flex-start fusion-content-layout-column\" style=\"background-position:left top;background-repeat:no-repeat;-webkit-background-size:cover;-moz-background-size:cover;-o-background-size:cover;background-size:cover;padding: 0px 0px 0px 0px;\"><div class=\"fusion-text fusion-text-5\"><p style=\"text-align: center;\"><img decoding=\"async\" class=\"alignnone wp-image-2860 \" src=\"https:\/\/vtecnics.com\/wp-content\/uploads\/2022\/03\/voice-acoustic-logo-2020-white.png\" alt=\"\" width=\"1017\" height=\"303\" srcset=\"https:\/\/vtecnics.com\/wp-content\/uploads\/2022\/03\/voice-acoustic-logo-2020-white-200x59.png 200w, https:\/\/vtecnics.com\/wp-content\/uploads\/2022\/03\/voice-acoustic-logo-2020-white-300x89.png 300w, https:\/\/vtecnics.com\/wp-content\/uploads\/2022\/03\/voice-acoustic-logo-2020-white-400x119.png 400w, https:\/\/vtecnics.com\/wp-content\/uploads\/2022\/03\/voice-acoustic-logo-2020-white-600x178.png 600w, https:\/\/vtecnics.com\/wp-content\/uploads\/2022\/03\/voice-acoustic-logo-2020-white-768x228.png 768w, https:\/\/vtecnics.com\/wp-content\/uploads\/2022\/03\/voice-acoustic-logo-2020-white-800x238.png 800w, https:\/\/vtecnics.com\/wp-content\/uploads\/2022\/03\/voice-acoustic-logo-2020-white-1024x304.png 1024w, https:\/\/vtecnics.com\/wp-content\/uploads\/2022\/03\/voice-acoustic-logo-2020-white-1200x357.png 1200w, https:\/\/vtecnics.com\/wp-content\/uploads\/2022\/03\/voice-acoustic-logo-2020-white-1536x457.png 1536w, https:\/\/vtecnics.com\/wp-content\/uploads\/2022\/03\/voice-acoustic-logo-2020-white.png 3390w\" sizes=\"(max-width: 1017px) 100vw, 1017px\" \/><div class=\"fusion-separator fusion-full-width-sep\" style=\"align-self: center;margin-left: auto;margin-right: auto;margin-top:10px;margin-bottom:10px;width:100%;\"><\/div><\/p>\n<p style=\"text-align: center;\">Sistemas de sonido profesionales, MADE IN GERMANY. La cartera de productos incluye tecnolog\u00eda sofisticada e innovadora de altavoces y amplificadores digitales para aplicaciones de directo y de instalaci\u00f3n.<\/p>\n<p><div class=\"fusion-separator fusion-full-width-sep\" style=\"align-self: flex-end;margin-left:auto;margin-top:20px;margin-bottom:20px;width:100%;\"><\/div>\n<div class=\"fusion-aligncenter\"><style type=\"text\/css\">.fusion-button.button-2 {border-radius:0px;}<\/style><a class=\"fusion-button button-flat fusion-button-default-size button-default button-2 fusion-button-default-span fusion-button-default-type\" target=\"_self\" href=\"https:\/\/www.voice-acoustic.de\/home.html\"><span class=\"fusion-button-text\">PRODUCTOS VOICE-ACOUSTIC<\/span><\/a><\/div><\/p>\n<\/div><\/div><style type=\"text\/css\">.fusion-body .fusion-builder-column-4{width:50% !important;margin-top : 0px;margin-bottom : 20px;}.fusion-builder-column-4 > .fusion-column-wrapper {padding-top : 0px !important;padding-right : 0px !important;margin-right : 3.84%;padding-bottom : 0px !important;padding-left : 0px !important;margin-left : 3.84%;}@media only screen and (max-width:1024px) {.fusion-body .fusion-builder-column-4{width:100% !important;order : 0;}.fusion-builder-column-4 > .fusion-column-wrapper {margin-right : 1.92%;margin-left : 1.92%;}}@media only screen and (max-width:640px) {.fusion-body .fusion-builder-column-4{width:100% !important;order : 0;}.fusion-builder-column-4 > .fusion-column-wrapper {margin-right : 1.92%;margin-left : 1.92%;}}<\/style><\/div><\/div><style type=\"text\/css\">.fusion-body .fusion-flex-container.fusion-builder-row-3{ padding-top : 0px;margin-top : 0px;padding-right : 0px;padding-bottom : 0px;margin-bottom : 0px;padding-left : 0px;}<\/style><\/div><div class=\"fusion-fullwidth fullwidth-box fusion-builder-row-4 fusion-flex-container nonhundred-percent-fullwidth non-hundred-percent-height-scrolling\" style=\"background-color: rgba(255,255,255,0);background-position: center center;background-repeat: no-repeat;border-width: 0px 0px 0px 0px;border-color:#eae9e9;border-style:solid;\" ><div class=\"fusion-builder-row fusion-row fusion-flex-align-items-flex-start\" style=\"max-width:1216.8px;margin-left: calc(-4% \/ 2 );margin-right: calc(-4% \/ 2 );\"><div class=\"fusion-layout-column fusion_builder_column fusion-builder-column-5 fusion_builder_column_1_1 1_1 fusion-flex-column\"><div class=\"fusion-column-wrapper fusion-flex-justify-content-flex-start fusion-content-layout-column\" style=\"background-position:left top;background-repeat:no-repeat;-webkit-background-size:cover;-moz-background-size:cover;-o-background-size:cover;background-size:cover;padding: 0px 0px 0px 0px;\"><div class=\"fusion-text fusion-text-6\"><p style=\"text-align: center;\">VT\u00e8cnics en Ruta S.L.<\/p>\n<p style=\"text-align: center;\">Partida Plana Gensana, 35<\/p>\n<p style=\"text-align: center;\">25194 \u2013 Lleida<\/p>\n<p style=\"text-align: center;\">tf. 973 29 29 34<\/p>\n<p style=\"text-align: center;\"><a href=\"mailto:vtecnics@vtecnics.com\">vtecnics@vtecnics.com<\/a><\/p>\n<p><a href=\"https:\/\/goo.gl\/maps\/rgwg5CX2wVhW51By9\"><img decoding=\"async\" class=\"alignnone wp-image-2984 aligncenter\" src=\"https:\/\/vtecnics.com\/wp-content\/uploads\/2022\/04\/maps.png\" alt=\"\" width=\"94\" height=\"94\" srcset=\"https:\/\/vtecnics.com\/wp-content\/uploads\/2022\/04\/maps-66x66.png 66w, https:\/\/vtecnics.com\/wp-content\/uploads\/2022\/04\/maps-150x150.png 150w, https:\/\/vtecnics.com\/wp-content\/uploads\/2022\/04\/maps-200x200.png 200w, https:\/\/vtecnics.com\/wp-content\/uploads\/2022\/04\/maps-300x300.png 300w, https:\/\/vtecnics.com\/wp-content\/uploads\/2022\/04\/maps-400x400.png 400w, https:\/\/vtecnics.com\/wp-content\/uploads\/2022\/04\/maps.png 500w\" sizes=\"(max-width: 94px) 100vw, 94px\" \/><\/a><\/p>\n<\/div><\/div><style type=\"text\/css\">.fusion-body .fusion-builder-column-5{width:100% !important;margin-top : 0px;margin-bottom : 20px;}.fusion-builder-column-5 > .fusion-column-wrapper {padding-top : 0px !important;padding-right : 0px !important;margin-right : 1.92%;padding-bottom : 0px !important;padding-left : 0px !important;margin-left : 1.92%;}@media only screen and (max-width:1024px) {.fusion-body .fusion-builder-column-5{width:100% !important;order : 0;}.fusion-builder-column-5 > .fusion-column-wrapper {margin-right : 1.92%;margin-left : 1.92%;}}@media only screen and (max-width:640px) {.fusion-body .fusion-builder-column-5{width:100% !important;order : 0;}.fusion-builder-column-5 > .fusion-column-wrapper {margin-right : 1.92%;margin-left : 1.92%;}}<\/style><\/div><\/div><style type=\"text\/css\">.fusion-body .fusion-flex-container.fusion-builder-row-4{ padding-top : 0px;margin-top : 0px;padding-right : 0px;padding-bottom : 0px;margin-bottom : 0px;padding-left : 0px;}<\/style><\/div><\/p>\n","protected":false},"excerpt":{"rendered":"","protected":false},"author":3,"featured_media":0,"parent":0,"menu_order":0,"comment_status":"open","ping_status":"closed","template":"100-width.php","meta":{"footnotes":""},"class_list":["post-2039","page","type-page","status-publish","hentry"],"_links":{"self":[{"href":"https:\/\/vtecnics.com\/es\/wp-json\/wp\/v2\/pages\/2039","targetHints":{"allow":["GET"]}}],"collection":[{"href":"https:\/\/vtecnics.com\/es\/wp-json\/wp\/v2\/pages"}],"about":[{"href":"https:\/\/vtecnics.com\/es\/wp-json\/wp\/v2\/types\/page"}],"author":[{"embeddable":true,"href":"https:\/\/vtecnics.com\/es\/wp-json\/wp\/v2\/users\/3"}],"replies":[{"embeddable":true,"href":"https:\/\/vtecnics.com\/es\/wp-json\/wp\/v2\/comments?post=2039"}],"version-history":[{"count":21,"href":"https:\/\/vtecnics.com\/es\/wp-json\/wp\/v2\/pages\/2039\/revisions"}],"predecessor-version":[{"id":3247,"href":"https:\/\/vtecnics.com\/es\/wp-json\/wp\/v2\/pages\/2039\/revisions\/3247"}],"wp:attachment":[{"href":"https:\/\/vtecnics.com\/es\/wp-json\/wp\/v2\/media?parent=2039"}],"curies":[{"name":"wp","href":"https:\/\/api.w.org\/{rel}","templated":true}]}}