{"id":2035,"date":"2014-12-21T08:23:28","date_gmt":"2014-12-21T08:23:28","guid":{"rendered":"http:\/\/vtecnics.com\/qui-som\/"},"modified":"2023-03-29T11:19:43","modified_gmt":"2023-03-29T09:19:43","slug":"quienes-somos","status":"publish","type":"page","link":"https:\/\/vtecnics.com\/es\/quienes-somos\/","title":{"rendered":"QUI\u00c9NES SOMOS"},"content":{"rendered":"<p><div class=\"fusion-fullwidth fullwidth-box fusion-builder-row-1 nonhundred-percent-fullwidth non-hundred-percent-height-scrolling\" style=\"background-color: #131315;background-position: center center;background-repeat: no-repeat;padding-top:00px;padding-right:0px;padding-bottom:20px;padding-left:0px;margin-bottom: 0px;margin-top: 0px;border-width: 0px 0px 0px 0px;border-color:#eae9e9;border-style:solid;\" ><div class=\"fusion-builder-row fusion-row\"><div class=\"fusion-layout-column fusion_builder_column fusion-builder-column-0 fusion_builder_column_1_1 1_1 fusion-one-full fusion-column-first fusion-column-last fusion-column-no-min-height\" style=\"margin-top:0px;margin-bottom:0px;\"><div class=\"fusion-column-wrapper fusion-flex-column-wrapper-legacy\" style=\"background-position:left top;background-repeat:no-repeat;-webkit-background-size:cover;-moz-background-size:cover;-o-background-size:cover;background-size:cover;padding: 0px 0px 0px 0px;\"><div class=\"fusion-sep-clear\"><\/div><div class=\"fusion-separator fusion-full-width-sep\" style=\"margin-left: auto;margin-right: auto;margin-top:20px;margin-bottom:20px;width:100%;\"><\/div><div class=\"fusion-sep-clear\"><\/div><div class=\"fusion-text fusion-text-1\"><h2 style=\"text-align: center;\">Nuestra Historia<\/h2>\n<\/div><div class=\"fusion-clearfix\"><\/div><\/div><\/div><\/div><\/div><div class=\"fusion-fullwidth fullwidth-box fusion-builder-row-2 hundred-percent-fullwidth non-hundred-percent-height-scrolling fusion-equal-height-columns\" style=\"background-color: rgba(255,255,255,0);background-position: center center;background-repeat: no-repeat;padding-top:0px;padding-right:0px;padding-bottom:0px;padding-left:0px;border-width: 0px 0px 0px 0px;border-color:#eae9e9;border-style:solid;\" ><div class=\"fusion-builder-row fusion-row\"><div class=\"fusion-layout-column fusion_builder_column fusion-builder-column-1 fusion_builder_column_1_2 1_2 fusion-one-half fusion-column-first\" style=\"width:48%; margin-right: 4%;margin-top:0px;margin-bottom:0px;\"><div class=\"fusion-column-wrapper fusion-flex-column-wrapper-legacy\" style=\"background-position:left top;background-repeat:no-repeat;-webkit-background-size:cover;-moz-background-size:cover;-o-background-size:cover;background-size:cover;padding: 11% 11% 11% 11%;\"><div class=\"fusion-column-content-centered\"><div class=\"fusion-column-content\"><div class=\"fusion-text fusion-text-2\"><h3 style=\"text-align: center;\"><span style=\"color: #4ca9b4;\">Los comienzos<\/span><\/h3>\n<p style=\"text-align: center;\">En el a\u00f1o 2012 un grupo de cinco t\u00e9cnicos decide aunar esfuerzos y poner sus conocimientos t\u00e9cnicos y su escaso material para llevar a cabo eso que ya hacia mucho tiempo que hab\u00edan hablado entre ellos, crear su propia empresa de sonido e iluminaci\u00f3n.<\/p>\n<\/div><\/div><\/div><div class=\"fusion-clearfix\"><\/div><\/div><\/div><div class=\"fusion-layout-column fusion_builder_column fusion-builder-column-2 fusion_builder_column_1_2 1_2 fusion-one-half fusion-column-last\" style=\"width:48%;margin-top:0px;margin-bottom:0px;\"><div class=\"fusion-column-wrapper fusion-flex-column-wrapper-legacy\" style=\"background-position:left top;background-repeat:no-repeat;-webkit-background-size:cover;-moz-background-size:cover;-o-background-size:cover;background-size:cover;padding: 0px 0px 0px 0px;\"><div class=\"fusion-column-content-centered\"><div class=\"fusion-column-content\"><span class=\" fusion-imageframe imageframe-none imageframe-1 hover-type-none\"><img decoding=\"async\" width=\"1920\" height=\"1272\" title=\"quality_services\" src=\"https:\/\/vtecnics.com\/wp-content\/uploads\/2014\/12\/quality_services.jpg\" class=\"img-responsive wp-image-1456\" srcset=\"https:\/\/vtecnics.com\/wp-content\/uploads\/2014\/12\/quality_services-200x133.jpg 200w, https:\/\/vtecnics.com\/wp-content\/uploads\/2014\/12\/quality_services-400x265.jpg 400w, https:\/\/vtecnics.com\/wp-content\/uploads\/2014\/12\/quality_services-600x398.jpg 600w, https:\/\/vtecnics.com\/wp-content\/uploads\/2014\/12\/quality_services-800x530.jpg 800w, https:\/\/vtecnics.com\/wp-content\/uploads\/2014\/12\/quality_services-1200x795.jpg 1200w, https:\/\/vtecnics.com\/wp-content\/uploads\/2014\/12\/quality_services.jpg 1920w\" sizes=\"(max-width: 800px) 100vw, 600px\" \/><\/span><\/div><\/div><div class=\"fusion-clearfix\"><\/div><\/div><\/div><\/div><\/div><div class=\"fusion-fullwidth fullwidth-box fusion-builder-row-3 nonhundred-percent-fullwidth non-hundred-percent-height-scrolling fusion-equal-height-columns\" style=\"background-color: #4ca9b4;background-position: center center;background-repeat: no-repeat;padding-top:0px;padding-right:0px;padding-bottom:0px;padding-left:0px;border-width: 0px 0px 0px 0px;border-color:#eae9e9;border-style:solid;\" ><div class=\"fusion-builder-row fusion-row\"><div class=\"fusion-layout-column fusion_builder_column fusion-builder-column-3 fusion_builder_column_1_1 1_1 fusion-one-full fusion-column-first fusion-column-last\" style=\"margin-top:40px;margin-bottom:40px;\"><div class=\"fusion-column-wrapper fusion-flex-column-wrapper-legacy\" style=\"background-position:left top;background-repeat:no-repeat;-webkit-background-size:cover;-moz-background-size:cover;-o-background-size:cover;background-size:cover;padding: 0px 0px 0px 0px;\"><div class=\"fusion-column-content-centered\"><div class=\"fusion-column-content\"><div class=\"fusion-text fusion-text-3\"><h2 style=\"text-align: center;\">Los mejores equipos buscan el equilibrio<br \/>\nentre los 4 estilos de trabajo.<\/h2>\n<h4 style=\"text-align: center;\">Hacer<\/h4>\n<p style=\"text-align: center;\">Nos sumergimos en el trabajo, nos esforzamos y ejecutamos con el m\u00e1ximo rigor.<\/p>\n<h4 style=\"text-align: center;\">Dirigir<\/h4>\n<p style=\"text-align: center;\">Lideramos nuestros proyectos y creamos la visi\u00f3n para que nuestros clientes crean en nosotros.<\/p>\n<h4 style=\"text-align: center;\">Querer<\/h4>\n<p style=\"text-align: center;\">Somos constructores de relaciones para generar consensos y armon\u00eda, y poder gestionar los trabajos con fluidez.<\/p>\n<h4 style=\"text-align: center;\">Aprender<\/h4>\n<p style=\"text-align: center;\">Nos encanta buscar y comprender meticulosamente los matices de un problema.<\/p>\n<p style=\"text-align: center;\">Solo as\u00ed sumamos soluciones para todos los proyectos que necesitan nuestros clientes.<\/p>\n<\/div><\/div><\/div><div class=\"fusion-clearfix\"><\/div><\/div><\/div><\/div><\/div><div class=\"fusion-fullwidth fullwidth-box fusion-builder-row-4 hundred-percent-fullwidth non-hundred-percent-height-scrolling fusion-equal-height-columns\" style=\"background-color: rgba(255,255,255,0);background-position: center center;background-repeat: no-repeat;padding-top:0px;padding-right:0px;padding-bottom:0px;padding-left:0px;border-width: 0px 0px 0px 0px;border-color:#eae9e9;border-style:solid;\" ><div class=\"fusion-builder-row fusion-row\"><div class=\"fusion-layout-column fusion_builder_column fusion-builder-column-4 fusion_builder_column_1_2 1_2 fusion-one-half fusion-column-first\" style=\"width:50%;width:calc(50% - ( ( 4% ) * 0.5 ) );margin-right: 4%;margin-top:0px;margin-bottom:0px;\"><div class=\"fusion-column-wrapper fusion-flex-column-wrapper-legacy\" style=\"background-position:left top;background-repeat:no-repeat;-webkit-background-size:cover;-moz-background-size:cover;-o-background-size:cover;background-size:cover;padding: 0px 0px 0px 0px;\"><div class=\"fusion-column-content-centered\"><div class=\"fusion-column-content\"><span class=\" fusion-imageframe imageframe-none imageframe-2 hover-type-none\"><img decoding=\"async\" width=\"928\" height=\"511\" title=\"image-2018-02-26 (3)\" src=\"https:\/\/vtecnics.com\/wp-content\/uploads\/2018\/02\/image-2018-02-26-3.jpg\" class=\"img-responsive wp-image-2247\" srcset=\"https:\/\/vtecnics.com\/wp-content\/uploads\/2018\/02\/image-2018-02-26-3-200x110.jpg 200w, https:\/\/vtecnics.com\/wp-content\/uploads\/2018\/02\/image-2018-02-26-3-400x220.jpg 400w, https:\/\/vtecnics.com\/wp-content\/uploads\/2018\/02\/image-2018-02-26-3-600x330.jpg 600w, https:\/\/vtecnics.com\/wp-content\/uploads\/2018\/02\/image-2018-02-26-3-800x441.jpg 800w, https:\/\/vtecnics.com\/wp-content\/uploads\/2018\/02\/image-2018-02-26-3.jpg 928w\" sizes=\"(max-width: 800px) 100vw, 600px\" \/><\/span><\/div><\/div><div class=\"fusion-clearfix\"><\/div><\/div><\/div><div class=\"fusion-layout-column fusion_builder_column fusion-builder-column-5 fusion_builder_column_1_2 1_2 fusion-one-half fusion-column-last\" style=\"width:50%;width:calc(50% - ( ( 4% ) * 0.5 ) );margin-top:0px;margin-bottom:0px;\"><div class=\"fusion-column-wrapper fusion-flex-column-wrapper-legacy\" style=\"background-position:left top;background-repeat:no-repeat;-webkit-background-size:cover;-moz-background-size:cover;-o-background-size:cover;background-size:cover;padding: 11% 11% 11% 11%;\"><div class=\"fusion-column-content-centered\"><div class=\"fusion-column-content\"><div class=\"fusion-text fusion-text-4\"><h3 style=\"text-align: center;\"><span style=\"color: #4ca9b4;\">Nueva generaci\u00f3n<\/span><\/h3>\n<p style=\"text-align: center;\">En 2017 y fruto de nuestro trabajo colectivo VT\u00e8cnics empieza una segunda fase en la que se convierte en distribuidor de la marca de m\u00e1s prestigio en sistemas de sonido, Clair Brothers. En el a\u00f1o 2022 Vt\u00e8cnics da un paso adelante y se conbierte en distribuidor de los sistemas de sonido alemanes Voice-Acoustic, Tennax y de la marca de accesorios Bagax.<\/p>\n<\/div><\/div><\/div><div class=\"fusion-clearfix\"><\/div><\/div><\/div><\/div><\/div><div class=\"fusion-bg-parallax\" data-bg-align=\"center center\" data-direction=\"up\" data-mute=\"false\" data-opacity=\"100\" data-velocity=\"-0.3\" data-mobile-enabled=\"true\" data-break_parents=\"0\" data-bg-image=\"https:\/\/vtecnics.com\/wp-content\/uploads\/2014\/12\/DSC_0009.jpg\" data-bg-repeat=\"false\" ><\/div><div class=\"fusion-fullwidth fullwidth-box fusion-builder-row-5 fusion-parallax-up nonhundred-percent-fullwidth non-hundred-percent-height-scrolling\" style=\"background-color: rgba(255,255,255,0);background-image: url(&quot;https:\/\/vtecnics.com\/wp-content\/uploads\/2014\/12\/DSC_0009.jpg&quot;);background-position: center center;background-repeat: no-repeat;padding-top:100px;padding-right:0px;padding-bottom:100px;padding-left:0px;margin-bottom: 0px;margin-top: 0px;border-width: 0px 0px 0px 0px;border-color:#eae9e9;border-style:solid;-webkit-background-size:cover;-moz-background-size:cover;-o-background-size:cover;background-size:cover;\" ><div class=\"fusion-builder-row fusion-row\"><div class=\"fusion-layout-column fusion_builder_column fusion-builder-column-6 fusion_builder_column_1_5 1_5 fusion-one-fifth fusion-column-first\" style=\"width:16.8%; margin-right: 4%;margin-top:0px;margin-bottom:20px;\"><div class=\"fusion-column-wrapper fusion-flex-column-wrapper-legacy\" style=\"background-position:left top;background-repeat:no-repeat;-webkit-background-size:cover;-moz-background-size:cover;-o-background-size:cover;background-size:cover;padding: 50px 50px 50px 50px;\"><div class=\"fusion-fa-align-center\"><i class=\"fb-icon-element-1 fb-icon-element fontawesome-icon fa fa-quote-left circle-no\" style=\"font-size:40px;\"><\/i><\/div><style>i.fb-icon-element.fontawesome-icon.fb-icon-element-1{ color: #4ca9b4;}i.fb-icon-element.fontawesome-icon.fb-icon-element-1:hover { color: #4ca9b4;}<\/style><div class=\"fusion-clearfix\"><\/div><\/div><\/div><div class=\"fusion-layout-column fusion_builder_column fusion-builder-column-7 fusion_builder_column_4_5 4_5 fusion-four-fifth fusion-column-last\" style=\"width:79.2%;margin-top:0px;margin-bottom:20px;\"><div class=\"fusion-column-wrapper fusion-flex-column-wrapper-legacy\" style=\"background-position:left top;background-repeat:no-repeat;-webkit-background-size:cover;-moz-background-size:cover;-o-background-size:cover;background-size:cover;padding: 0px 0px 0px 0px;\"><div class=\"fusion-text fusion-text-5\"><h3><em>Somos una empresa moderna impulsada por la tecnolog\u00eda que ofrece soluciones vanguardistas.<\/em><\/h3>\n<p style=\"margin-top: -5px;\">&#8211; VT\u00c8CNICS<\/p>\n<\/div><div class=\"fusion-clearfix\"><\/div><\/div><\/div><\/div><\/div><div class=\"fusion-fullwidth fullwidth-box fusion-builder-row-6 fusion-parallax-fixed nonhundred-percent-fullwidth non-hundred-percent-height-scrolling\" style=\"background-color: rgba(255,255,255,0);background-image: url(&quot;https:\/\/vtecnics.com\/wp-content\/uploads\/2018\/01\/VTECNICSquisom_lines_rtl.png&quot;);background-position: center center;background-repeat: no-repeat;padding-top:20px;padding-right:0px;padding-bottom:0px;padding-left:0px;margin-bottom: 0px;margin-top: 0px;border-width: 0px 0px 0px 0px;border-color:#eae9e9;border-style:solid;-webkit-background-size:cover;-moz-background-size:cover;-o-background-size:cover;background-size:cover;background-attachment:fixed;\" ><div class=\"fusion-builder-row fusion-row\"><div class=\"fusion-layout-column fusion_builder_column fusion-builder-column-8 fusion_builder_column_2_5 2_5 fusion-two-fifth fusion-column-first\" style=\"width:40%;width:calc(40% - ( ( 4% + 4% ) * 0.4 ) );margin-right: 4%;margin-top:0px;margin-bottom:20px;\"><div class=\"fusion-column-wrapper fusion-flex-column-wrapper-legacy\" style=\"background-position:left top;background-repeat:no-repeat;-webkit-background-size:cover;-moz-background-size:cover;-o-background-size:cover;background-size:cover;padding: 0px 0px 0px 0px;\"><div class=\"fusion-column-content-centered\"><div class=\"fusion-column-content\"><span class=\" fusion-imageframe imageframe-none imageframe-3 hover-type-none\"><img decoding=\"async\" width=\"1024\" height=\"304\" title=\"voice-acoustic-logo-2020-white\" src=\"https:\/\/vtecnics.com\/wp-content\/uploads\/2022\/03\/voice-acoustic-logo-2020-white-1024x304.png\" class=\"img-responsive wp-image-2859\" srcset=\"https:\/\/vtecnics.com\/wp-content\/uploads\/2022\/03\/voice-acoustic-logo-2020-white-200x59.png 200w, https:\/\/vtecnics.com\/wp-content\/uploads\/2022\/03\/voice-acoustic-logo-2020-white-400x119.png 400w, https:\/\/vtecnics.com\/wp-content\/uploads\/2022\/03\/voice-acoustic-logo-2020-white-600x178.png 600w, https:\/\/vtecnics.com\/wp-content\/uploads\/2022\/03\/voice-acoustic-logo-2020-white-800x238.png 800w, https:\/\/vtecnics.com\/wp-content\/uploads\/2022\/03\/voice-acoustic-logo-2020-white-1200x357.png 1200w\" sizes=\"(max-width: 800px) 100vw, 600px\" \/><\/span><div class=\"fusion-text fusion-text-6\"><p style=\"text-align: center;\"><img decoding=\"async\" class=\"alignnone wp-image-1408 \" src=\"https:\/\/vtecnics.com\/wp-content\/uploads\/2014\/12\/ClairBrothersLogo2-e1520366560957.png\" alt=\"\" width=\"338\" height=\"119\" srcset=\"https:\/\/vtecnics.com\/wp-content\/uploads\/2014\/12\/ClairBrothersLogo2-e1520366560957-200x71.png 200w, https:\/\/vtecnics.com\/wp-content\/uploads\/2014\/12\/ClairBrothersLogo2-e1520366560957-300x106.png 300w, https:\/\/vtecnics.com\/wp-content\/uploads\/2014\/12\/ClairBrothersLogo2-e1520366560957.png 363w\" sizes=\"(max-width: 338px) 100vw, 338px\" \/><div class=\"fusion-sep-clear\"><\/div><div class=\"fusion-separator fusion-full-width-sep\" style=\"margin-left: auto;margin-right: auto;margin-top:10px;margin-bottom:10px;width:100%;\"><\/div><div class=\"fusion-sep-clear\"><\/div><\/p>\n<p style=\"text-align: center;\">Somos especialistas en eventos \u00fanicos y exclusivos. Estamos orgullosos de ofrecer un servicio y calidad excepcionales para clientes excepcionales.<\/p>\n<p><div class=\"fusion-sep-clear\"><\/div><div class=\"fusion-separator fusion-full-width-sep fusion-clearfix\" style=\"float:right;margin-top:20px;margin-bottom:20px;width:100%;\"><\/div><div class=\"fusion-sep-clear\"><\/div>\n<div class=\"fusion-aligncenter\"><style type=\"text\/css\">.fusion-button.button-1 {border-radius:0px;}<\/style><a class=\"fusion-button button-flat fusion-button-default-size button-default button-1 fusion-button-default-span fusion-button-default-type\" target=\"_self\" href=\"https:\/\/vtecnics.com\/es\/clair-brothers\/line-arrays\/\"><span class=\"fusion-button-text\">PRODUCTOS CLAIR BROTHERS<\/span><\/a><\/div><\/p>\n<\/div><div class=\"fusion-sep-clear\"><\/div><div class=\"fusion-separator fusion-full-width-sep\" style=\"margin-left: auto;margin-right: auto;width:100%;\"><div class=\"fusion-separator-border sep-double\" style=\"border-color:rgba(255,255,255,.2);border-top-width:1px;border-bottom-width:1px;\"><\/div><\/div><div class=\"fusion-sep-clear\"><\/div><\/div><\/div><div class=\"fusion-clearfix\"><\/div><\/div><\/div><div class=\"fusion-layout-column fusion_builder_column fusion-builder-column-9 fusion_builder_column_1_5 1_5 fusion-one-fifth\" style=\"width:20%;width:calc(20% - ( ( 4% + 4% ) * 0.2 ) );margin-right: 4%;margin-top:0px;margin-bottom:20px;\"><div class=\"fusion-column-wrapper fusion-flex-column-wrapper-legacy\" style=\"background-position:left top;background-repeat:no-repeat;-webkit-background-size:cover;-moz-background-size:cover;-o-background-size:cover;background-size:cover;padding: 0px 0px 0px 0px;\"><div class=\"fusion-column-content-centered\"><div class=\"fusion-column-content\"><div class=\"fusion-text fusion-text-7\"><h3 style=\"text-align: center;\"><\/h3>\n<p><span style=\"color: #000000;\"><a style=\"color: #000000;\" href=\"http:\/\/wa.me\/34636230970\"><img decoding=\"async\" class=\"aligncenter wp-image-3010\" src=\"https:\/\/vtecnics.com\/wp-content\/uploads\/2022\/04\/WhatsApp-VT-150x150.png\" alt=\"\" width=\"70\" height=\"70\" srcset=\"https:\/\/vtecnics.com\/wp-content\/uploads\/2022\/04\/WhatsApp-VT-66x66.png 66w, https:\/\/vtecnics.com\/wp-content\/uploads\/2022\/04\/WhatsApp-VT-150x150.png 150w, https:\/\/vtecnics.com\/wp-content\/uploads\/2022\/04\/WhatsApp-VT-200x200.png 200w, https:\/\/vtecnics.com\/wp-content\/uploads\/2022\/04\/WhatsApp-VT-300x300.png 300w, https:\/\/vtecnics.com\/wp-content\/uploads\/2022\/04\/WhatsApp-VT-400x400.png 400w, https:\/\/vtecnics.com\/wp-content\/uploads\/2022\/04\/WhatsApp-VT-600x600.png 600w, https:\/\/vtecnics.com\/wp-content\/uploads\/2022\/04\/WhatsApp-VT.png 768w\" sizes=\"(max-width: 70px) 100vw, 70px\" \/><\/a><\/span><\/p>\n<p style=\"text-align: center;\"><span style=\"color: #ffffff;\"><strong>WhatsApp:<\/strong> <a style=\"color: #ffffff;\" href=\"http:\/\/wa.me\/34636230970\">636230970<\/a><\/span><\/p>\n<p style=\"text-align: center;\"><a href=\"tel:+34973292934\"><img decoding=\"async\" class=\"aligncenter wp-image-3001\" src=\"https:\/\/vtecnics.com\/wp-content\/uploads\/2022\/04\/LOGO-tf-copy-1-150x150.jpg\" alt=\"\" width=\"74\" height=\"74\" srcset=\"https:\/\/vtecnics.com\/wp-content\/uploads\/2022\/04\/LOGO-tf-copy-1-66x66.jpg 66w, https:\/\/vtecnics.com\/wp-content\/uploads\/2022\/04\/LOGO-tf-copy-1-150x150.jpg 150w, https:\/\/vtecnics.com\/wp-content\/uploads\/2022\/04\/LOGO-tf-copy-1-200x200.jpg 200w, https:\/\/vtecnics.com\/wp-content\/uploads\/2022\/04\/LOGO-tf-copy-1-300x300.jpg 300w, https:\/\/vtecnics.com\/wp-content\/uploads\/2022\/04\/LOGO-tf-copy-1-400x400.jpg 400w, https:\/\/vtecnics.com\/wp-content\/uploads\/2022\/04\/LOGO-tf-copy-1-600x600.jpg 600w, https:\/\/vtecnics.com\/wp-content\/uploads\/2022\/04\/LOGO-tf-copy-1-768x768.jpg 768w, https:\/\/vtecnics.com\/wp-content\/uploads\/2022\/04\/LOGO-tf-copy-1-800x800.jpg 800w, https:\/\/vtecnics.com\/wp-content\/uploads\/2022\/04\/LOGO-tf-copy-1-1024x1024.jpg 1024w, https:\/\/vtecnics.com\/wp-content\/uploads\/2022\/04\/LOGO-tf-copy-1-1200x1200.jpg 1200w, https:\/\/vtecnics.com\/wp-content\/uploads\/2022\/04\/LOGO-tf-copy-1-1536x1536.jpg 1536w\" sizes=\"(max-width: 74px) 100vw, 74px\" \/><\/a><\/p>\n<p style=\"text-align: center;\"><span style=\"color: #ffffff;\"><strong>TEL\u00c9FONO:<\/strong> <a style=\"color: #ffffff;\" href=\"tel:+34973292934\">973 29 29 34<\/a><\/span><\/p>\n<p style=\"text-align: center;\"><a href=\"mailto:vtecnics@vtecnics.com\"><img decoding=\"async\" class=\"aligncenter wp-image-3014\" src=\"https:\/\/vtecnics.com\/wp-content\/uploads\/2022\/04\/Correo-VT-150x150.png\" alt=\"\" width=\"75\" height=\"75\" srcset=\"https:\/\/vtecnics.com\/wp-content\/uploads\/2022\/04\/Correo-VT-66x66.png 66w, https:\/\/vtecnics.com\/wp-content\/uploads\/2022\/04\/Correo-VT-150x150.png 150w, https:\/\/vtecnics.com\/wp-content\/uploads\/2022\/04\/Correo-VT-200x200.png 200w, https:\/\/vtecnics.com\/wp-content\/uploads\/2022\/04\/Correo-VT-300x300.png 300w, https:\/\/vtecnics.com\/wp-content\/uploads\/2022\/04\/Correo-VT-400x400.png 400w, https:\/\/vtecnics.com\/wp-content\/uploads\/2022\/04\/Correo-VT-600x600.png 600w, https:\/\/vtecnics.com\/wp-content\/uploads\/2022\/04\/Correo-VT.png 768w\" sizes=\"(max-width: 75px) 100vw, 75px\" \/><\/a><span style=\"color: #ffffff;\"><strong>Email:<\/strong>\u00a0<a style=\"color: #ffffff;\" href=\"mailto:vtecnics@vtecnics.com\">vtecnics@vtecnics.com<\/a><\/span><\/p>\n<p style=\"text-align: center;\"><span style=\"color: #ffffff;\">Partida Plana Gensana, 35<\/span><\/p>\n<p style=\"text-align: center;\"><span style=\"color: #ffffff;\">25194 \u2013 Lleida<\/span><\/p>\n<p><a href=\"https:\/\/goo.gl\/maps\/rgwg5CX2wVhW51By9\"><img decoding=\"async\" class=\"alignnone wp-image-2984 aligncenter\" src=\"https:\/\/vtecnics.com\/wp-content\/uploads\/2022\/04\/maps.png\" alt=\"\" width=\"94\" height=\"94\" srcset=\"https:\/\/vtecnics.com\/wp-content\/uploads\/2022\/04\/maps-66x66.png 66w, https:\/\/vtecnics.com\/wp-content\/uploads\/2022\/04\/maps-150x150.png 150w, https:\/\/vtecnics.com\/wp-content\/uploads\/2022\/04\/maps-200x200.png 200w, https:\/\/vtecnics.com\/wp-content\/uploads\/2022\/04\/maps-300x300.png 300w, https:\/\/vtecnics.com\/wp-content\/uploads\/2022\/04\/maps-400x400.png 400w, https:\/\/vtecnics.com\/wp-content\/uploads\/2022\/04\/maps.png 500w\" sizes=\"(max-width: 94px) 100vw, 94px\" \/><\/a><\/p>\n<\/div><\/div><\/div><div class=\"fusion-clearfix\"><\/div><\/div><\/div><div class=\"fusion-layout-column fusion_builder_column fusion-builder-column-10 fusion_builder_column_2_5 2_5 fusion-two-fifth fusion-column-last\" style=\"width:40%;width:calc(40% - ( ( 4% + 4% ) * 0.4 ) );margin-top:0px;margin-bottom:20px;\"><div class=\"fusion-column-wrapper fusion-flex-column-wrapper-legacy\" style=\"background-position:left top;background-repeat:no-repeat;-webkit-background-size:cover;-moz-background-size:cover;-o-background-size:cover;background-size:cover;padding: 0px 0px 0px 0px;\"><div class=\"fusion-column-content-centered\"><div class=\"fusion-column-content\"><div class=\"fusion-text fusion-text-8\"><h3 style=\"text-align: center;\">Vis\u00edtanos<\/h3>\n<p style=\"text-align: center;\"><iframe style=\"border: 0;\" src=\"https:\/\/www.google.com\/maps\/embed?pb=!1m18!1m12!1m3!1d47740.15070077658!2d0.5897836000000084!3d41.5960871!2m3!1f0!2f0!3f0!3m2!1i1024!2i768!4f13.1!3m3!1m2!1s0x12a6e01229497247%3A0x8f86cfa9d31e3be7!2sVtecnics+en+Ruta+S.L.!5e0!3m2!1ses!2ses!4v1522861420411\" width=\"100%\" height=\"340\" frameborder=\"0\" allowfullscreen=\"allowfullscreen\"><\/iframe><\/p>\n<\/div><\/div><\/div><div class=\"fusion-clearfix\"><\/div><\/div><\/div><\/div><\/div>\n<\/p>\n","protected":false},"excerpt":{"rendered":"","protected":false},"author":3,"featured_media":0,"parent":0,"menu_order":0,"comment_status":"open","ping_status":"closed","template":"100-width.php","meta":{"footnotes":""},"class_list":["post-2035","page","type-page","status-publish","hentry"],"_links":{"self":[{"href":"https:\/\/vtecnics.com\/es\/wp-json\/wp\/v2\/pages\/2035","targetHints":{"allow":["GET"]}}],"collection":[{"href":"https:\/\/vtecnics.com\/es\/wp-json\/wp\/v2\/pages"}],"about":[{"href":"https:\/\/vtecnics.com\/es\/wp-json\/wp\/v2\/types\/page"}],"author":[{"embeddable":true,"href":"https:\/\/vtecnics.com\/es\/wp-json\/wp\/v2\/users\/3"}],"replies":[{"embeddable":true,"href":"https:\/\/vtecnics.com\/es\/wp-json\/wp\/v2\/comments?post=2035"}],"version-history":[{"count":17,"href":"https:\/\/vtecnics.com\/es\/wp-json\/wp\/v2\/pages\/2035\/revisions"}],"predecessor-version":[{"id":3427,"href":"https:\/\/vtecnics.com\/es\/wp-json\/wp\/v2\/pages\/2035\/revisions\/3427"}],"wp:attachment":[{"href":"https:\/\/vtecnics.com\/es\/wp-json\/wp\/v2\/media?parent=2035"}],"curies":[{"name":"wp","href":"https:\/\/api.w.org\/{rel}","templated":true}]}}